{"id":1422,"date":"2025-01-08T07:59:16","date_gmt":"2025-01-08T07:59:16","guid":{"rendered":"https:\/\/demo.7iquid.com\/vroomo\/?page_id=1422"},"modified":"2026-02-23T09:55:22","modified_gmt":"2026-02-23T09:55:22","slug":"reservation","status":"publish","type":"page","link":"https:\/\/www.yuvango.com\/ru\/reservation\/","title":{"rendered":"Reservation"},"content":{"rendered":"<div data-elementor-type=\"wp-page\" data-elementor-id=\"1422\" class=\"elementor elementor-1422\">\n\t\t\t\t        <section class=\"elementor-section elementor-top-section elementor-element elementor-element-4dfda6f elementor-section-boxed elementor-section-height-default elementor-section-height-default pxl-section-static-pos-no pxl-section-overflow-hidden-no pxl-container-margin-auto-no\" data-id=\"4dfda6f\" data-element_type=\"section\" data-e-type=\"section\">\n\n                \n                <div class=\"elementor-container elementor-column-gap-default\">\n                <div class=\"elementor-column elementor-col-33 elementor-top-column elementor-element elementor-element-d4adff7 pxl-column-element-default pxl-column-overflow-hidden-no\" data-id=\"d4adff7\" data-element_type=\"column\" data-e-type=\"column\">\r\n        <div class=\"elementor-widget-wrap elementor-element-populated\">\r\n                                        <\/div>\r\n        <\/div>\r\n                <div class=\"elementor-column elementor-col-33 elementor-top-column elementor-element elementor-element-b0501fd pxl-column-element-default pxl-column-overflow-hidden-no\" data-id=\"b0501fd\" data-element_type=\"column\" data-e-type=\"column\">\r\n        <div class=\"elementor-widget-wrap elementor-element-populated\">\r\n                                        <\/div>\r\n        <\/div>\r\n                <div class=\"elementor-column elementor-col-33 elementor-top-column elementor-element elementor-element-5526927 pxl-column-element-default pxl-column-overflow-hidden-no\" data-id=\"5526927\" data-element_type=\"column\" data-e-type=\"column\">\r\n        <div class=\"elementor-widget-wrap elementor-element-populated\">\r\n                                        <\/div>\r\n        <\/div>\r\n        \t\t\t<\/div>\n\t\t<\/section>\n\t\t        <section class=\"elementor-section elementor-top-section elementor-element elementor-element-02a3e37 elementor-section-boxed elementor-section-height-default elementor-section-height-default pxl-section-static-pos-no pxl-section-overflow-hidden-no pxl-container-margin-auto-no\" data-id=\"02a3e37\" data-element_type=\"section\" data-e-type=\"section\">\n\n                \n                <div class=\"elementor-container elementor-column-gap-default\">\n                <div class=\"elementor-column elementor-col-66 elementor-top-column elementor-element elementor-element-ed6af09 pxl-column-element-default pxl-column-overflow-hidden-no\" data-id=\"ed6af09\" data-element_type=\"column\" data-e-type=\"column\">\r\n        <div class=\"elementor-widget-wrap elementor-element-populated\">\r\n                    \t\t<div class=\"elementor-element elementor-element-717e557 elementor-widget elementor-widget-pxl_heading\" data-id=\"717e557\" data-element_type=\"widget\" data-e-type=\"widget\" data-widget_type=\"pxl_heading.default\">\n\t\t\t\t<div class=\"elementor-widget-container\">\n\t\t\t\t\t<div class=\"pxl-heading-wrap d-flex\">\n    <div class=\"pxl-heading-inner\">\n                <h2 class=\"heading-title\">\n                        Protection plans                     <\/h2>\n            <\/div>\n<\/div>\n\n\t\t\t\t<\/div>\n\t\t\t\t<\/div>\n\t\t\t\t<div class=\"elementor-element elementor-element-15398a0 elementor-widget elementor-widget-pxl_text_editor\" data-id=\"15398a0\" data-element_type=\"widget\" data-e-type=\"widget\" data-widget_type=\"pxl_text_editor.default\">\n\t\t\t\t<div class=\"elementor-widget-container\">\n\t\t\t\t\t<div id=\"pxl_text_editor-15398a0-9092\" class=\"pxl-text-editor-wrap d-flex\" >\n\t<div class=\"pxl-text-editor elementor-clearfix\">\n\t\t<p>When booking a vehicle with Vroomo, choosing a protection plan is mandatory. The insurance included in this plan is provided under a policy issued to Vroomo by Travelers\u00ae.<\/p>\t\t\n\t<\/div>\n<\/div>\t\t\t\t<\/div>\n\t\t\t\t<\/div>\n\t\t\t\t<div class=\"elementor-element elementor-element-5561c43 elementor-widget elementor-widget-pxl_reservation_protection_plan\" data-id=\"5561c43\" data-element_type=\"widget\" data-e-type=\"widget\" data-widget_type=\"pxl_reservation_protection_plan.default\">\n\t\t\t\t<div class=\"elementor-widget-container\">\n\t\t\t\t\t        <div class=\"pxl-reservation-protection-wg\" data-price=\"0\">\r\n            <div class=\"row gx-16\">\r\n                <div class=\"col\">\r\n                                            <h4 class=\"title\">Standard Free Protection Plan<\/h4>\r\n                                                                <p class=\"subtitle\">A police report is mandatory. Even if you are 1% at fault, you are required to pay a 4% deductible. (Example: vehicle price \u20ba2,500,000 - in cases of accidents caused by fault, you have to pay )<\/p>\r\n                                        <ul class=\"featured-list list-unstyled\">\r\n                                                        <li class=\"feature-item content-item\">\r\n                                    <i aria-hidden=\"true\" class=\"pxl-icon pxli pxli-read\"><\/i>                                        <span class=\"item-text h6\">Theft protection, personal accident insurance, and liability coverage up to $100,000<\/span>\r\n                                <\/li>\r\n                                            <\/ul>\r\n                <\/div>\r\n                            <\/div>\r\n        <\/div>\r\n        \t\t\t\t<\/div>\n\t\t\t\t<\/div>\n\t\t\t\t<div class=\"elementor-element elementor-element-3546822 elementor-widget elementor-widget-pxl_reservation_protection_plan\" data-id=\"3546822\" data-element_type=\"widget\" data-e-type=\"widget\" data-widget_type=\"pxl_reservation_protection_plan.default\">\n\t\t\t\t<div class=\"elementor-widget-container\">\n\t\t\t\t\t        <div class=\"pxl-reservation-protection-wg selected\" data-price=\"15\">\r\n            <div class=\"row gx-16\">\r\n                <div class=\"col\">\r\n                                            <h4 class=\"title\">Premium Protection Plan<\/h4>\r\n                                                            <ul class=\"featured-list list-unstyled\">\r\n                                                        <li class=\"feature-item content-item\">\r\n                                    <i aria-hidden=\"true\" class=\"pxl-icon pxli pxli-read\"><\/i>                                        <span class=\"item-text h6\">This additional insurance covers glass, tires, and minor damage. A police report is not required.<\/span>\r\n                                <\/li>\r\n                                            <\/ul>\r\n                <\/div>\r\n                                    <div class=\"col-auto\">\r\n                        <h5 class=\"protected-price fw-500\">&euro;15 \/day<\/h5>\r\n                    <\/div>\r\n                            <\/div>\r\n        <\/div>\r\n        \t\t\t\t<\/div>\n\t\t\t\t<\/div>\n\t\t\t\t<div class=\"elementor-element elementor-element-0565c15 elementor-widget elementor-widget-pxl_reservation_protection_plan\" data-id=\"0565c15\" data-element_type=\"widget\" data-e-type=\"widget\" data-widget_type=\"pxl_reservation_protection_plan.default\">\n\t\t\t\t<div class=\"elementor-widget-container\">\n\t\t\t\t\t        <div class=\"pxl-reservation-protection-wg selected\" data-price=\"0\">\r\n            <div class=\"row gx-16\">\r\n                <div class=\"col\">\r\n                                            <h4 class=\"title\">Delivery and Transfer Fees<\/h4>\r\n                                                                <p class=\"subtitle\">300 \u20ac<\/p>\r\n                                        <ul class=\"featured-list list-unstyled\">\r\n                                                        <li class=\"feature-item content-item\">\r\n                                    <i aria-hidden=\"true\" class=\"pxl-icon pxli pxli-read\"><\/i>                                        <span class=\"item-text h6\">If you wish to rent a car from outside Antalya, you will need to pay an extra transfer fee. This price is valid for the Fethiye, Marmaris, and regions.\n\n<\/span>\r\n                                <\/li>\r\n                                            <\/ul>\r\n                <\/div>\r\n                            <\/div>\r\n        <\/div>\r\n        \t\t\t\t<\/div>\n\t\t\t\t<\/div>\n\t\t\t\t<div class=\"elementor-element elementor-element-238a23a elementor-widget elementor-widget-pxl_reservation_protection_plan\" data-id=\"238a23a\" data-element_type=\"widget\" data-e-type=\"widget\" data-widget_type=\"pxl_reservation_protection_plan.default\">\n\t\t\t\t<div class=\"elementor-widget-container\">\n\t\t\t\t\t        <div class=\"pxl-reservation-protection-wg selected\" data-price=\"0\">\r\n            <div class=\"row gx-16\">\r\n                <div class=\"col\">\r\n                                            <h4 class=\"title\">Delivery and Transfer Fees<\/h4>\r\n                                                                <p class=\"subtitle\">200 \u20ac<\/p>\r\n                                        <ul class=\"featured-list list-unstyled\">\r\n                                                        <li class=\"feature-item content-item\">\r\n                                    <i aria-hidden=\"true\" class=\"pxl-icon pxli pxli-read\"><\/i>                                        <span class=\"item-text h6\">If you wish to rent a car from outside Antalya, you will need to pay an extra transfer fee. This price is valid for the Ka\u015f, Demre, \u00c7\u0131ral\u0131, Olmpos ,and regions.\n\n<\/span>\r\n                                <\/li>\r\n                                            <\/ul>\r\n                <\/div>\r\n                            <\/div>\r\n        <\/div>\r\n        \t\t\t\t<\/div>\n\t\t\t\t<\/div>\n\t\t\t\t<div class=\"elementor-element elementor-element-b2e681f elementor-widget elementor-widget-pxl_reservation_protection_plan\" data-id=\"b2e681f\" data-element_type=\"widget\" data-e-type=\"widget\" data-widget_type=\"pxl_reservation_protection_plan.default\">\n\t\t\t\t<div class=\"elementor-widget-container\">\n\t\t\t\t\t        <div class=\"pxl-reservation-protection-wg selected\" data-price=\"0\">\r\n            <div class=\"row gx-16\">\r\n                <div class=\"col\">\r\n                                            <h4 class=\"title\">Delivery and Transfer Fees<\/h4>\r\n                                                                <p class=\"subtitle\">300 \u20ac<\/p>\r\n                                        <ul class=\"featured-list list-unstyled\">\r\n                                                        <li class=\"feature-item content-item\">\r\n                                    <i aria-hidden=\"true\" class=\"pxl-icon pxli pxli-read\"><\/i>                                        <span class=\"item-text h6\">Our delivery fee applies to all of T\u00fcrkiye except Antalya.<\/span>\r\n                                <\/li>\r\n                                            <\/ul>\r\n                <\/div>\r\n                            <\/div>\r\n        <\/div>\r\n        \t\t\t\t<\/div>\n\t\t\t\t<\/div>\n\t\t\t\t<div class=\"elementor-element elementor-element-99b2e00 elementor-widget elementor-widget-pxl_heading\" data-id=\"99b2e00\" data-element_type=\"widget\" data-e-type=\"widget\" data-widget_type=\"pxl_heading.default\">\n\t\t\t\t<div class=\"elementor-widget-container\">\n\t\t\t\t\t<div class=\"pxl-heading-wrap d-flex\">\n    <div class=\"pxl-heading-inner\">\n                <h3 class=\"heading-title\">\n                        \u0414\u043e\u043f\u043e\u043b\u043d\u0438\u0442\u0435\u043b\u044c\u043d\u044b\u0435 \u043c\u0430\u0442\u0435\u0440\u0438\u0430\u043b\u044b                     <\/h3>\n            <\/div>\n<\/div>\n\n\t\t\t\t<\/div>\n\t\t\t\t<\/div>\n\t\t\t\t<div class=\"elementor-element elementor-element-e261e09 elementor-widget elementor-widget-pxl_text_editor\" data-id=\"e261e09\" data-element_type=\"widget\" data-e-type=\"widget\" data-widget_type=\"pxl_text_editor.default\">\n\t\t\t\t<div class=\"elementor-widget-container\">\n\t\t\t\t\t<div id=\"pxl_text_editor-e261e09-8118\" class=\"pxl-text-editor-wrap d-flex\" >\n\t<div class=\"pxl-text-editor elementor-clearfix\">\n\t\t<p>\u0412\u044b\u043f\u043e\u043b\u043d\u0435\u043d\u0438\u0435 \u0437\u0430\u043a\u0430\u0437\u043e\u0432 \u043d\u0435 \u0433\u0430\u0440\u0430\u043d\u0442\u0438\u0440\u0443\u0435\u0442\u0441\u044f, \u0442\u0430\u043a \u043a\u0430\u043a \u0437\u0430\u0432\u0438\u0441\u0438\u0442 \u043e\u0442 \u043d\u0430\u043b\u0438\u0447\u0438\u044f \u0441\u0432\u043e\u0431\u043e\u0434\u043d\u044b\u0445 \u043c\u0435\u0441\u0442. \u041e\u043f\u043b\u0430\u0442\u0430 \u043f\u0440\u043e\u0438\u0437\u0432\u043e\u0434\u0438\u0442\u0441\u044f \u043f\u0440\u0438 \u043f\u043e\u043b\u0443\u0447\u0435\u043d\u0438\u0438.<\/p>\t\t\n\t<\/div>\n<\/div>\t\t\t\t<\/div>\n\t\t\t\t<\/div>\n\t\t\t\t<div class=\"elementor-element elementor-element-8efd34e elementor-widget elementor-widget-pxl_car_extra_service_single\" data-id=\"8efd34e\" data-element_type=\"widget\" data-e-type=\"widget\" data-widget_type=\"pxl_car_extra_service_single.default\">\n\t\t\t\t<div class=\"elementor-widget-container\">\n\t\t\t\t\t<div class=\"pxl-no-post-grid\">No Post Found or is not car service single page<\/div>\t\t\t\t<\/div>\n\t\t\t\t<\/div>\n\t\t                    <\/div>\r\n        <\/div>\r\n                <div class=\"elementor-column elementor-col-33 elementor-top-column elementor-element elementor-element-46287ea pxl-column-element-default pxl-column-overflow-hidden-no\" data-id=\"46287ea\" data-element_type=\"column\" data-e-type=\"column\">\r\n        <div class=\"elementor-widget-wrap elementor-element-populated\">\r\n                                        <\/div>\r\n        <\/div>\r\n        \t\t\t<\/div>\n\t\t<\/section>\n\t\t\t\t<\/div>","protected":false},"excerpt":{"rendered":"<p>Protection plans When booking a vehicle with Vroomo, choosing a protection plan is mandatory. The insurance included in this plan is provided under a policy issued to Vroomo by Travelers\u00ae. Standard Free Protection Plan A police report is mandatory. Even if you are 1% at fault, you are required to pay a 4% deductible. (Example: [&hellip;]<\/p>\n","protected":false},"author":1,"featured_media":0,"parent":0,"menu_order":0,"comment_status":"closed","ping_status":"closed","template":"","meta":{"footnotes":""},"class_list":["post-1422","page","type-page","status-publish","hentry"],"_links":{"self":[{"href":"https:\/\/www.yuvango.com\/ru\/wp-json\/wp\/v2\/pages\/1422","targetHints":{"allow":["GET"]}}],"collection":[{"href":"https:\/\/www.yuvango.com\/ru\/wp-json\/wp\/v2\/pages"}],"about":[{"href":"https:\/\/www.yuvango.com\/ru\/wp-json\/wp\/v2\/types\/page"}],"author":[{"embeddable":true,"href":"https:\/\/www.yuvango.com\/ru\/wp-json\/wp\/v2\/users\/1"}],"replies":[{"embeddable":true,"href":"https:\/\/www.yuvango.com\/ru\/wp-json\/wp\/v2\/comments?post=1422"}],"version-history":[{"count":3,"href":"https:\/\/www.yuvango.com\/ru\/wp-json\/wp\/v2\/pages\/1422\/revisions"}],"predecessor-version":[{"id":7710,"href":"https:\/\/www.yuvango.com\/ru\/wp-json\/wp\/v2\/pages\/1422\/revisions\/7710"}],"wp:attachment":[{"href":"https:\/\/www.yuvango.com\/ru\/wp-json\/wp\/v2\/media?parent=1422"}],"curies":[{"name":"wp","href":"https:\/\/api.w.org\/{rel}","templated":true}]}}